{"id":175,"date":"2023-04-25T22:17:06","date_gmt":"2023-04-25T22:17:06","guid":{"rendered":"https:\/\/idarriba.com\/?page_id=175"},"modified":"2025-05-03T19:00:36","modified_gmt":"2025-05-03T19:00:36","slug":"register-trademark","status":"publish","type":"page","link":"https:\/\/idarriba.com\/es\/register-trademark\/","title":{"rendered":"Registro de marcas"},"content":{"rendered":"<div id=\"wp-block-themeisle-blocks-advanced-columns-40db0924\" class=\"wp-block-themeisle-blocks-advanced-columns alignfull has-2-columns has-desktop-equal-layout has-tablet-equal-layout has-mobile-collapsedRows-layout has-vertical-top ticss-c00aadba\"><div class=\"wp-block-themeisle-blocks-advanced-columns-overlay\"><\/div><div class=\"innerblocks-wrap\">\n<div id=\"wp-block-themeisle-blocks-advanced-column-006aede9\" class=\"wp-block-themeisle-blocks-advanced-column\">\n<h2 id=\"wp-block-themeisle-blocks-advanced-heading-8e35b90f\" class=\"wp-block-themeisle-blocks-advanced-heading wp-block-themeisle-blocks-advanced-heading-8e35b90f\">Hazla tuya: c\u00f3mo proteger tu marca a trav\u00e9s de un registro<\/h2>\n\n\n\n<p><\/p>\n\n\n\n<p><strong>Proteja su marca con confianza \u2013 Servicios profesionales de registro de marcas<\/strong><\/p>\n\n\n\n<p>Su marca es uno de tus activos m\u00e1s valiosos, y protegerla es esencial. En Iglesias Darriba &amp; Co., ofrecemos servicios personalizados de registro de marcas, dise\u00f1ados para resguardar tu identidad y acompa\u00f1ar el crecimiento de tu negocio.<\/p>\n\n\n\n<p>Elija entre dos opciones integrales seg\u00fan tus necesidades:<\/p>\n\n\n\n<p><strong>Registro B\u00e1sico Premium \u2013 USD 250<\/strong><br>Este paquete incluye una evaluaci\u00f3n preliminar estrat\u00e9gica para identificar posibles obst\u00e1culos en el proceso de registro. Recibir\u00e1 informaci\u00f3n clave desde el inicio, lo que te permitir\u00e1 avanzar con seguridad.<\/p>\n\n\n\n<p><strong>Estudio Comprensivo Integral \u2013 USD 300<\/strong><br>Nuestro servicio m\u00e1s completo. Incluye -adem\u00e1s de un an\u00e1lisis exhaustivo de marcas similares- una opini\u00f3n legal personalizada de nuestros abogados expertos con recomendaciones estrat\u00e9gicas sobre c\u00f3mo fortalecer y ampliar la protecci\u00f3n de su marca en el mercado.<\/p>\n\n\n\n<p>Deje que te ayudemos a asegurar el futuro de tu marca, con asesoramiento experto y respaldo legal proactivo.<\/p>\n<\/div>\n\n\n\n<div id=\"wp-block-themeisle-blocks-advanced-column-ee3078f9\" class=\"wp-block-themeisle-blocks-advanced-column\">\n<div id=\"wp-block-themeisle-blocks-form-c02278c7\" class=\"wp-block-themeisle-blocks-form\" data-option-name=\"bf9b28ff82ce323187abc5d0feb0d8f07ecd8436_c02278c7\"><form class=\"otter-form__container\" action=\"\">\n<div id=\"wp-block-themeisle-blocks-form-input-b7bbe5bf\" class=\"wp-block-themeisle-blocks-form-input\"><label for=\"wp-block-themeisle-blocks-form-input-b7bbe5bf-input\" class=\"otter-form-input-label\"><span class=\"otter-form-input-label__label\">Su nombre<\/span><span class=\"required\">*<\/span><\/label><input type=\"text\" id=\"wp-block-themeisle-blocks-form-input-b7bbe5bf-input\" required class=\"otter-form-input\"\/><\/div>\n\n\n\n<div id=\"wp-block-themeisle-blocks-form-input-edbbf011\" class=\"wp-block-themeisle-blocks-form-input\"><label for=\"wp-block-themeisle-blocks-form-input-edbbf011-input\" class=\"otter-form-input-label\"><span class=\"otter-form-input-label__label\">Denominaci\u00f3n de la marca<\/span><span class=\"required\">*<\/span><\/label><input type=\"text\" id=\"wp-block-themeisle-blocks-form-input-edbbf011-input\" required class=\"otter-form-input\"\/><\/div>\n\n\n\n<div id=\"wp-block-themeisle-blocks-form-textarea-516ebef1\" class=\"wp-block-themeisle-blocks-form-textarea\"><label for=\"wp-block-themeisle-blocks-form-textarea-516ebef1-input\" class=\"otter-form-textarea-label\"><span class=\"otter-form-textarea-label__label\">Describa, por favor, los productos o servicios para los que desea registrar su marca<\/span><span class=\"required\">*<\/span><\/label><textarea id=\"wp-block-themeisle-blocks-form-textarea-516ebef1-input\" required rows=\"10\" class=\"otter-form-textarea-input\"><\/textarea><span class=\"o-form-help\">Agregue cualquier informaci\u00f3n adicional que debamos conocer<\/span><\/div>\n\n\n\n<div id=\"wp-block-themeisle-blocks-form-input-6f244191\" class=\"wp-block-themeisle-blocks-form-input\"><label for=\"wp-block-themeisle-blocks-form-input-6f244191-input\" class=\"otter-form-input-label\"><span class=\"otter-form-input-label__label\">Tel\u00e9fono<\/span><\/label><input type=\"text\" id=\"wp-block-themeisle-blocks-form-input-6f244191-input\" class=\"otter-form-input\"\/><\/div>\n\n\n\n<div id=\"wp-block-themeisle-blocks-form-input-6cf151a8\" class=\"wp-block-themeisle-blocks-form-input\"><label for=\"wp-block-themeisle-blocks-form-input-6cf151a8-input\" class=\"otter-form-input-label\"><span class=\"otter-form-input-label__label\">Correo electr\u00f3nico<\/span><span class=\"required\">*<\/span><\/label><input type=\"email\" id=\"wp-block-themeisle-blocks-form-input-6cf151a8-input\" required class=\"otter-form-input\"\/><\/div>\n\n\n\n<p class=\"has-extra-small-font-size\">Nuestro equipo se pondr\u00e1 en contacto con usted en un plazo de 48 horas.<\/p>\n\n\n<div class=\"protection\" aria-hidden=\"true\"><input type=\"hidden\" id=\"wp-block-themeisle-blocks-form-c02278c7_nonce_field\" name=\"wp-block-themeisle-blocks-form-c02278c7_nonce_field\" value=\"4bbdeecf5a\" \/><input type=\"hidden\" name=\"_wp_http_referer\" value=\"\/es\/wp-json\/wp\/v2\/pages\/175\" \/><input class=\"o-anti-bot\" type=\"checkbox\"><\/div><div class=\"wp-block-button\"><button class=\"wp-block-button__link\" type=\"submit\">Enviar<\/button><\/div><input type=\"hidden\" name=\"trp-form-language\" value=\"es\"\/><\/form><\/div>\n<\/div>\n<\/div><\/div>\n\n\n\n<p><\/p>","protected":false},"excerpt":{"rendered":"","protected":false},"author":2,"featured_media":0,"parent":0,"menu_order":0,"comment_status":"closed","ping_status":"closed","template":"","meta":{"_themeisle_gutenberg_block_has_review":false,"footnotes":""},"class_list":["post-175","page","type-page","status-publish","hentry"],"_links":{"self":[{"href":"https:\/\/idarriba.com\/es\/wp-json\/wp\/v2\/pages\/175","targetHints":{"allow":["GET"]}}],"collection":[{"href":"https:\/\/idarriba.com\/es\/wp-json\/wp\/v2\/pages"}],"about":[{"href":"https:\/\/idarriba.com\/es\/wp-json\/wp\/v2\/types\/page"}],"author":[{"embeddable":true,"href":"https:\/\/idarriba.com\/es\/wp-json\/wp\/v2\/users\/2"}],"replies":[{"embeddable":true,"href":"https:\/\/idarriba.com\/es\/wp-json\/wp\/v2\/comments?post=175"}],"version-history":[{"count":18,"href":"https:\/\/idarriba.com\/es\/wp-json\/wp\/v2\/pages\/175\/revisions"}],"predecessor-version":[{"id":612,"href":"https:\/\/idarriba.com\/es\/wp-json\/wp\/v2\/pages\/175\/revisions\/612"}],"wp:attachment":[{"href":"https:\/\/idarriba.com\/es\/wp-json\/wp\/v2\/media?parent=175"}],"curies":[{"name":"wp","href":"https:\/\/api.w.org\/{rel}","templated":true}]}}