{"id":24,"date":"2023-02-07T16:35:33","date_gmt":"2023-02-07T16:35:33","guid":{"rendered":"https:\/\/idarriba.com\/?page_id=24"},"modified":"2025-05-04T15:52:47","modified_gmt":"2025-05-04T15:52:47","slug":"about-us","status":"publish","type":"page","link":"https:\/\/idarriba.com\/es\/about-us\/","title":{"rendered":"Acerca de nosotros"},"content":{"rendered":"<p>Fundado en 1987 por <strong><a href=\"https:\/\/idarriba.com\/es\/about-us\/about-claudio-iglesias-darriba\/\" data-type=\"link\" data-id=\"https:\/\/idarriba.com\/about-us\/about-claudio-iglesias-darriba\/\" target=\"_blank\" rel=\"noreferrer noopener\">Claudio Iglesias<\/a><\/strong>, Iglesias Darriba naci\u00f3 como un estudio jur\u00eddico orientado al derecho comercial, y desde entonces ha evolucionado hasta convertirse en una firma legal din\u00e1mica e internacional, fortalecida por la incorporaci\u00f3n de profesionales y especialistas de amplia experiencia.<\/p>\n\n\n\n<p>Actualmente, combinamos una s\u00f3lida trayectoria en propiedad intelectual y derecho corporativo con un enfoque moderno y centrado en el cliente. Prestamos servicios en Espa\u00f1a, Argentina y diversos otros pa\u00edses, a trav\u00e9s de una s\u00f3lida red de firmas asociadas y colaboradores de confianza.<\/p>\n\n\n\n<p>Asesoramos a una amplia variedad de clientes \u2014desde creadores individuales y emprendedores hasta grandes empresas\u2014 brindando soluciones jur\u00eddicas pr\u00e1cticas con alcance global. Nuestra presencia internacional constante nos permite ofrecer servicios transfronterizos fluidos y adaptados a las necesidades de un mundo empresarial cada vez m\u00e1s interconectado.<\/p>\n\n\n\n<p>At Iglesias Darriba, we are passionate about protecting innovation and creativity. We assist our clients in securing and strategically managing patents, trademarks, designs, and copyrights, always maximizing commercial value.<\/p>\n\n\n\n<p>Nuestro sello distintivo es el servicio personalizado. Nos tomamos el tiempo para conocer a fondo el negocio de cada cliente, de modo que nuestros consejos sean no solo jur\u00eddicamente s\u00f3lidos, sino tambi\u00e9n alineados con sus objetivos estrat\u00e9gicos. Comunicamos con claridad, actuamos con eficiencia y construimos relaciones profesionales duraderas basadas en la confianza y los resultados.<\/p>\n\n\n\n<p>Above all, we are committed to helping our clients thrive in today\u2019s competitive and fast-changing global environment.<\/p>","protected":false},"excerpt":{"rendered":"<p>Founded in 1987 by Claudio Iglesias, Iglesias Darriba &amp; Co. began as a commercial law firm and has since evolved into a dynamic, international legal practice, strengthened by the incorporation of experienced professionals and specialists. Today, we combine longstanding expertise in intellectual property and corporate law with a forward-thinking, client-focused approach. Our services are provided [&hellip;]<\/p>\n","protected":false},"author":2,"featured_media":0,"parent":0,"menu_order":0,"comment_status":"closed","ping_status":"closed","template":"","meta":{"_themeisle_gutenberg_block_has_review":false,"footnotes":""},"class_list":["post-24","page","type-page","status-publish","hentry"],"_links":{"self":[{"href":"https:\/\/idarriba.com\/es\/wp-json\/wp\/v2\/pages\/24","targetHints":{"allow":["GET"]}}],"collection":[{"href":"https:\/\/idarriba.com\/es\/wp-json\/wp\/v2\/pages"}],"about":[{"href":"https:\/\/idarriba.com\/es\/wp-json\/wp\/v2\/types\/page"}],"author":[{"embeddable":true,"href":"https:\/\/idarriba.com\/es\/wp-json\/wp\/v2\/users\/2"}],"replies":[{"embeddable":true,"href":"https:\/\/idarriba.com\/es\/wp-json\/wp\/v2\/comments?post=24"}],"version-history":[{"count":18,"href":"https:\/\/idarriba.com\/es\/wp-json\/wp\/v2\/pages\/24\/revisions"}],"predecessor-version":[{"id":628,"href":"https:\/\/idarriba.com\/es\/wp-json\/wp\/v2\/pages\/24\/revisions\/628"}],"wp:attachment":[{"href":"https:\/\/idarriba.com\/es\/wp-json\/wp\/v2\/media?parent=24"}],"curies":[{"name":"wp","href":"https:\/\/api.w.org\/{rel}","templated":true}]}}