{"id":522,"date":"2024-09-18T14:55:20","date_gmt":"2024-09-18T14:55:20","guid":{"rendered":"https:\/\/idarriba.com\/?page_id=522"},"modified":"2025-05-04T15:13:36","modified_gmt":"2025-05-04T15:13:36","slug":"about-claudio-iglesias-darriba","status":"publish","type":"page","link":"https:\/\/idarriba.com\/es\/about-us\/about-claudio-iglesias-darriba\/","title":{"rendered":"Claudio Iglesias Darriba"},"content":{"rendered":"<p>Claudio Iglesias Darriba, LL.M., PhD, is a distinguished lawyer with a solid professional background. He holds a Law degree from the International University of La Rioja (Spain) and a professional Law degree (abogado) from the University of Buenos Aires (Argentina), which qualifies him to practice law in Spain and Argentina. He has held key roles in major economic and business institutions and organizations in Argentina.<\/p>\n\n\n\n<figure class=\"wp-block-gallery has-nested-images columns-default is-cropped has-raft-bg-background-color has-background wp-block-gallery-1 is-layout-flex wp-block-gallery-is-layout-flex\" style=\"border-style:none;border-width:0px;border-radius:0px\">\n<figure class=\"wp-block-image size-large\"><img loading=\"lazy\" decoding=\"async\" width=\"506\" height=\"656\" data-id=\"532\" src=\"Claudio Iglesias Darriba\" alt=\"\" class=\"wp-image-532\" srcset=\"\" sizes=\"auto, (max-width: 506px) 100vw, 506px\" data-srcset=\"\" \/><\/figure>\n<\/figure>\n\n\n\n<p>A lo largo de su carrera, Iglesias Darriba se desempe\u00f1\u00f3 como Secretario de la <strong>Confederaci\u00f3n General de la Industria de la Rep\u00fablica Argentina (CGI RA) <\/strong>y como Asesor Jur\u00eddico de la <strong>Confederaci\u00f3n General Econ\u00f3mica de la Rep\u00fablica Argentina (CGE RA) <\/strong>una de las organizaciones econ\u00f3micas m\u00e1s destacadas del pa\u00eds, donde aport\u00f3 su experiencia en el dise\u00f1o y desarrollo de pol\u00edticas econ\u00f3micas.<\/p>\n\n\n\n<p>Su labor tambi\u00e9n se extendi\u00f3 a varias entidades empresariales de alto nivel, como la <strong>Central de Entidades Empresarias Nacionales (CEEN) <\/strong>y la <strong>Confederaci\u00f3n General Econ\u00f3mica del \u00c1rea Metropolitana de Buenos Aires <\/strong>(CGE de la Ciudad de Buenos Aires). En estos cargos, colabor\u00f3 estrechamente con diversas c\u00e1maras empresariales, contribuyendo al fortalecimiento del entramado econ\u00f3mico y empresarial de la Argentina.<\/p>\n\n\n\n<p>On the international stage, Claudio Iglesias Darriba represented Argentina in the Intellectual Property Program of the <strong>Organizaci\u00f3n Internacional de Derecho para el Desarrollo (IDLO)<\/strong>, whose activities are of significant international relevance<\/p>\n\n\n\n<p>Since 1988, he has worked as an independent legal practitioner, integrating in-depth legal knowledge with broad experience in economic consulting, business strategy, and development initiatives.<\/p>\n\n\n\n<p><\/p>","protected":false},"excerpt":{"rendered":"<p>Claudio Iglesias Darriba, LL.M., PhD, is a distinguished lawyer with a solid professional background. He holds a Law degree from the International University of La Rioja (Spain) and a professional Law degree (abogado) from the University of Buenos Aires (Argentina), which qualifies him to practice law in Spain and Argentina. He has held key roles [&hellip;]<\/p>\n","protected":false},"author":2,"featured_media":523,"parent":24,"menu_order":0,"comment_status":"closed","ping_status":"closed","template":"","meta":{"_themeisle_gutenberg_block_has_review":false,"footnotes":""},"class_list":["post-522","page","type-page","status-publish","has-post-thumbnail","hentry"],"_links":{"self":[{"href":"https:\/\/idarriba.com\/es\/wp-json\/wp\/v2\/pages\/522","targetHints":{"allow":["GET"]}}],"collection":[{"href":"https:\/\/idarriba.com\/es\/wp-json\/wp\/v2\/pages"}],"about":[{"href":"https:\/\/idarriba.com\/es\/wp-json\/wp\/v2\/types\/page"}],"author":[{"embeddable":true,"href":"https:\/\/idarriba.com\/es\/wp-json\/wp\/v2\/users\/2"}],"replies":[{"embeddable":true,"href":"https:\/\/idarriba.com\/es\/wp-json\/wp\/v2\/comments?post=522"}],"version-history":[{"count":10,"href":"https:\/\/idarriba.com\/es\/wp-json\/wp\/v2\/pages\/522\/revisions"}],"predecessor-version":[{"id":619,"href":"https:\/\/idarriba.com\/es\/wp-json\/wp\/v2\/pages\/522\/revisions\/619"}],"up":[{"embeddable":true,"href":"https:\/\/idarriba.com\/es\/wp-json\/wp\/v2\/pages\/24"}],"wp:featuredmedia":[{"embeddable":true,"href":"https:\/\/idarriba.com\/es\/wp-json\/wp\/v2\/media\/523"}],"wp:attachment":[{"href":"https:\/\/idarriba.com\/es\/wp-json\/wp\/v2\/media?parent=522"}],"curies":[{"name":"wp","href":"https:\/\/api.w.org\/{rel}","templated":true}]}}